{"id":78,"date":"2021-07-30T11:08:39","date_gmt":"2021-07-30T14:08:39","guid":{"rendered":"https:\/\/diretiva.tec.br\/positiva\/?page_id=78"},"modified":"2022-11-10T10:38:39","modified_gmt":"2022-11-10T13:38:39","slug":"contato","status":"publish","type":"page","link":"https:\/\/diretiva.tec.br\/positiva\/contato\/","title":{"rendered":"Contato"},"content":{"rendered":"\t\t<div data-elementor-type=\"wp-page\" data-elementor-id=\"78\" class=\"elementor elementor-78\" data-elementor-settings=\"[]\">\n\t\t\t\t\t\t\t<div class=\"elementor-section-wrap\">\n\t\t\t\t\t\t\t<section class=\"elementor-section elementor-top-section elementor-element elementor-element-3fa8236 elementor-section-boxed elementor-section-height-default elementor-section-height-default\" data-id=\"3fa8236\" data-element_type=\"section\" data-settings=\"{&quot;background_background&quot;:&quot;classic&quot;}\">\n\t\t\t\t\t\t\t<div class=\"elementor-background-overlay\"><\/div>\n\t\t\t\t\t\t\t<div class=\"elementor-container elementor-column-gap-default\">\n\t\t\t\t\t<div class=\"elementor-column elementor-col-100 elementor-top-column elementor-element elementor-element-88aa4c7\" data-id=\"88aa4c7\" data-element_type=\"column\">\n\t\t\t<div class=\"elementor-widget-wrap elementor-element-populated\">\n\t\t\t\t\t\t\t\t<div class=\"elementor-element elementor-element-77c1c09 elementor-widget elementor-widget-heading\" data-id=\"77c1c09\" data-element_type=\"widget\" data-widget_type=\"heading.default\">\n\t\t\t\t<div class=\"elementor-widget-container\">\n\t\t\t<h2 class=\"elementor-heading-title elementor-size-default\">Contato<\/h2>\t\t<\/div>\n\t\t\t\t<\/div>\n\t\t\t\t<div class=\"elementor-element elementor-element-09d64e0 elementor-widget-divider--separator-type-pattern elementor-widget-divider--view-line elementor-widget elementor-widget-divider\" data-id=\"09d64e0\" data-element_type=\"widget\" data-widget_type=\"divider.default\">\n\t\t\t\t<div class=\"elementor-widget-container\">\n\t\t\t\t\t<div class=\"elementor-divider\" style=\"--divider-pattern-url: url(&quot;data:image\/svg+xml,%3Csvg xmlns=&#039;http:\/\/www.w3.org\/2000\/svg&#039; preserveAspectRatio=&#039;none&#039; overflow=&#039;visible&#039; height=&#039;100%&#039; viewBox=&#039;0 0 20 16&#039; fill=&#039;none&#039; stroke=&#039;black&#039; stroke-width=&#039;2.5&#039; stroke-linecap=&#039;square&#039; stroke-miterlimit=&#039;10&#039;%3E%3Cg transform=&#039;translate(-12.000000, 0)&#039;%3E%3Cpath d=&#039;M28,0L10,18&#039;\/%3E%3Cpath d=&#039;M18,0L0,18&#039;\/%3E%3Cpath d=&#039;M48,0L30,18&#039;\/%3E%3Cpath d=&#039;M38,0L20,18&#039;\/%3E%3C\/g%3E%3C\/svg%3E&quot;);\">\n\t\t\t<span class=\"elementor-divider-separator\">\n\t\t\t\t\t\t<\/span>\n\t\t<\/div>\n\t\t\t\t<\/div>\n\t\t\t\t<\/div>\n\t\t\t\t\t<\/div>\n\t\t<\/div>\n\t\t\t\t\t\t\t<\/div>\n\t\t<\/section>\n\t\t\t\t<section class=\"elementor-section elementor-top-section elementor-element elementor-element-f20d1cb elementor-section-boxed elementor-section-height-default elementor-section-height-default\" data-id=\"f20d1cb\" data-element_type=\"section\">\n\t\t\t\t\t\t<div class=\"elementor-container elementor-column-gap-wide\">\n\t\t\t\t\t<div class=\"elementor-column elementor-col-50 elementor-top-column elementor-element elementor-element-f0a355b\" data-id=\"f0a355b\" data-element_type=\"column\">\n\t\t\t<div class=\"elementor-widget-wrap elementor-element-populated\">\n\t\t\t\t\t\t\t\t<div class=\"elementor-element elementor-element-0dc7b35 elementor-widget elementor-widget-heading\" data-id=\"0dc7b35\" data-element_type=\"widget\" data-widget_type=\"heading.default\">\n\t\t\t\t<div class=\"elementor-widget-container\">\n\t\t\t<h3 class=\"elementor-heading-title elementor-size-default\">Fale conosco<\/h3>\t\t<\/div>\n\t\t\t\t<\/div>\n\t\t\t\t<div class=\"elementor-element elementor-element-1b1ca1e elementor-widget-divider--view-line elementor-widget elementor-widget-divider\" data-id=\"1b1ca1e\" data-element_type=\"widget\" data-widget_type=\"divider.default\">\n\t\t\t\t<div class=\"elementor-widget-container\">\n\t\t\t\t\t<div class=\"elementor-divider\">\n\t\t\t<span class=\"elementor-divider-separator\">\n\t\t\t\t\t\t<\/span>\n\t\t<\/div>\n\t\t\t\t<\/div>\n\t\t\t\t<\/div>\n\t\t\t\t<div class=\"elementor-element elementor-element-5e185a9 pp-icon-list-traditional pp-icon-left elementor-widget elementor-widget-pp-icon-list\" data-id=\"5e185a9\" data-element_type=\"widget\" data-widget_type=\"pp-icon-list.default\">\n\t\t\t\t<div class=\"elementor-widget-container\">\n\t\t\t\t\t<div class=\"pp-list-container\">\n\t\t\t<ul class=\"pp-list-items\">\n\t\t\t\t\t\t\t\t\t\t\t\t\t\t\t\t\t\t\t\t\t<li class=\"pp-icon-list-item\">\n\t\t\t\t\t\t\t\t\t\t\t\t\t\t\t<a href=\"tel:+555133386000\">\n\t\t\t\t\t\t\t\t\t\t\t<span class=\"pp-icon-wrapper\">\n\t\t\t\t\t\t\t\t\t\t<span class=\"pp-icon-list-icon pp-icon \">\n\t\t\t\t\t\t<i aria-hidden=\"true\" class=\"fas fa-phone-alt\"><\/i><\/span>\t\t\t<\/span>\n\t\t\t\t\t\t\t\t\t\t<span class=\"pp-icon-list-text\">\n\t\t\t\t\t\t\t\t(51) 3338.6000\t\t\t\t\t\t\t<\/span>\n\t\t\t\t\t\t\t\t\t\t\t\t\t\t\t<\/a>\n\t\t\t\t\t\t\t\t\t\t\t\t\t\t<\/li>\n\t\t\t\t\t\t\t\t\t\t\t\t\t\t\t\t\t\t\t\t\t\t\t\t\t\t\t<li class=\"pp-icon-list-item\">\n\t\t\t\t\t\t\t\t\t\t\t\t\t\t\t<a href=\"tel:+55515430212885\">\n\t\t\t\t\t\t\t\t\t\t\t<span class=\"pp-icon-wrapper\">\n\t\t\t\t\t\t\t\t\t\t<span class=\"pp-icon-list-icon pp-icon \">\n\t\t\t\t\t\t<i aria-hidden=\"true\" class=\"fas fa-phone-alt\"><\/i><\/span>\t\t\t<\/span>\n\t\t\t\t\t\t\t\t\t\t<span class=\"pp-icon-list-text\">\n\t\t\t\t\t\t\t\t(54) 3021.2885\t\t\t\t\t\t\t<\/span>\n\t\t\t\t\t\t\t\t\t\t\t\t\t\t\t<\/a>\n\t\t\t\t\t\t\t\t\t\t\t\t\t\t<\/li>\n\t\t\t\t\t\t\t\t\t\t\t\t\t\t\t\t\t\t\t\t\t\t\t\t\t\t\t<li class=\"pp-icon-list-item\">\n\t\t\t\t\t\t\t\t\t\t\t\t\t\t\t<a href=\"https:\/\/api.whatsapp.com\/send?1=pt_BR&#038;phone=55051997967847&#038;text=Ola!%20Gostaria%20de%20mais%20informacoes%20sobre%20os%20produtos%20e%20servicos%20da%20Positiva%20Qualidade%20Ambiental.\" target=\"_blank\">\n\t\t\t\t\t\t\t\t\t\t\t<span class=\"pp-icon-wrapper\">\n\t\t\t\t\t\t\t\t\t\t<span class=\"pp-icon-list-icon pp-icon \">\n\t\t\t\t\t\t<i aria-hidden=\"true\" class=\"icon icon-whatsapp-1\"><\/i><\/span>\t\t\t<\/span>\n\t\t\t\t\t\t\t\t\t\t<span class=\"pp-icon-list-text\">\n\t\t\t\t\t\t\t\t(51) 99796.7847\t\t\t\t\t\t\t<\/span>\n\t\t\t\t\t\t\t\t\t\t\t\t\t\t\t<\/a>\n\t\t\t\t\t\t\t\t\t\t\t\t\t\t<\/li>\n\t\t\t\t\t\t\t\t\t\t\t\t\t\t\t\t\t\t\t\t\t\t\t\t\t\t\t<li class=\"pp-icon-list-item\">\n\t\t\t\t\t\t\t\t\t\t\t\t\t\t\t<a href=\"https:\/\/g.page\/Positivaportoalegre?share\" target=\"_blank\">\n\t\t\t\t\t\t\t\t\t\t\t<span class=\"pp-icon-wrapper\">\n\t\t\t\t\t\t\t\t\t\t<span class=\"pp-icon-list-icon pp-icon \">\n\t\t\t\t\t\t<i aria-hidden=\"true\" class=\"fas fa-map-marker-alt\"><\/i><\/span>\t\t\t<\/span>\n\t\t\t\t\t\t\t\t\t\t<span class=\"pp-icon-list-text\">\n\t\t\t\t\t\t\t\tAv. Saturnino de Brito, 1196 - Porto Alegre - RS\t\t\t\t\t\t\t<\/span>\n\t\t\t\t\t\t\t\t\t\t\t\t\t\t\t<\/a>\n\t\t\t\t\t\t\t\t\t\t\t\t\t\t<\/li>\n\t\t\t\t\t\t\t\t\t\t\t\t\t\t\t\t\t\t\t\t\t\t\t\t\t\t\t<li class=\"pp-icon-list-item\">\n\t\t\t\t\t\t\t\t\t\t\t\t\t\t\t<a href=\"mailto:atendimento@diretiva.tec.br\">\n\t\t\t\t\t\t\t\t\t\t\t<span class=\"pp-icon-wrapper\">\n\t\t\t\t\t\t\t\t\t\t<span class=\"pp-icon-list-icon pp-icon \">\n\t\t\t\t\t\t<i aria-hidden=\"true\" class=\"fas fa-envelope\"><\/i><\/span>\t\t\t<\/span>\n\t\t\t\t\t\t\t\t\t\t<span class=\"pp-icon-list-text\">\n\t\t\t\t\t\t\t\tatendimento@diretiva.tec.br\t\t\t\t\t\t\t<\/span>\n\t\t\t\t\t\t\t\t\t\t\t\t\t\t\t<\/a>\n\t\t\t\t\t\t\t\t\t\t\t\t\t\t<\/li>\n\t\t\t\t\t\t\t\t\t\t\t\t\t<\/ul>\n\t\t<\/div>\n\t\t\t\t<\/div>\n\t\t\t\t<\/div>\n\t\t\t\t\t<\/div>\n\t\t<\/div>\n\t\t\t\t<div class=\"elementor-column elementor-col-50 elementor-top-column elementor-element elementor-element-747932e\" data-id=\"747932e\" data-element_type=\"column\">\n\t\t\t<div class=\"elementor-widget-wrap elementor-element-populated\">\n\t\t\t\t\t\t\t\t<div class=\"elementor-element elementor-element-a9caaaf elementor-widget elementor-widget-heading\" data-id=\"a9caaaf\" data-element_type=\"widget\" data-widget_type=\"heading.default\">\n\t\t\t\t<div class=\"elementor-widget-container\">\n\t\t\t<h3 class=\"elementor-heading-title elementor-size-default\">Solicite um or\u00e7amento<\/h3>\t\t<\/div>\n\t\t\t\t<\/div>\n\t\t\t\t<div class=\"elementor-element elementor-element-6ea6910 elementor-widget-divider--view-line elementor-widget elementor-widget-divider\" data-id=\"6ea6910\" data-element_type=\"widget\" data-widget_type=\"divider.default\">\n\t\t\t\t<div class=\"elementor-widget-container\">\n\t\t\t\t\t<div class=\"elementor-divider\">\n\t\t\t<span class=\"elementor-divider-separator\">\n\t\t\t\t\t\t<\/span>\n\t\t<\/div>\n\t\t\t\t<\/div>\n\t\t\t\t<\/div>\n\t\t\t\t<div class=\"elementor-element elementor-element-8cfe0ee ekit_wpForms_container-form-button-custom elementor-widget elementor-widget-elementskit-wp-forms\" data-id=\"8cfe0ee\" data-element_type=\"widget\" data-widget_type=\"elementskit-wp-forms.default\">\n\t\t\t\t<div class=\"elementor-widget-container\">\n\t\t\t<div class=\"ekit-wid-con ekit_wpForms_container\"><div class=\"wpforms-container wpforms-container-full\" id=\"wpforms-159\"><form id=\"wpforms-form-159\" class=\"wpforms-validate wpforms-form wpforms-ajax-form\" data-formid=\"159\" method=\"post\" enctype=\"multipart\/form-data\" action=\"\/positiva\/wp-json\/wp\/v2\/pages\/78\" data-token=\"fa19f256e66e8236915b30825f48fd52\"><noscript class=\"wpforms-error-noscript\">Ative o JavaScript no seu navegador para preencher este formul\u00e1rio.<\/noscript><div class=\"wpforms-field-container\"><div id=\"wpforms-159-field_3-container\" class=\"wpforms-field wpforms-field-text\" data-field-id=\"3\"><label class=\"wpforms-field-label wpforms-label-hide\" for=\"wpforms-159-field_3\">Nome <span class=\"wpforms-required-label\">*<\/span><\/label><input type=\"text\" id=\"wpforms-159-field_3\" class=\"wpforms-field-large wpforms-field-required\" name=\"wpforms[fields][3]\" placeholder=\"Nome\" required><\/div><div id=\"wpforms-159-field_1-container\" class=\"wpforms-field wpforms-field-email\" data-field-id=\"1\"><label class=\"wpforms-field-label wpforms-label-hide\" for=\"wpforms-159-field_1\">Email <span class=\"wpforms-required-label\">*<\/span><\/label><input type=\"email\" id=\"wpforms-159-field_1\" class=\"wpforms-field-large wpforms-field-required\" name=\"wpforms[fields][1]\" placeholder=\"Email\" required><\/div><div id=\"wpforms-159-field_4-container\" class=\"wpforms-field wpforms-field-text\" data-field-id=\"4\"><label class=\"wpforms-field-label wpforms-label-hide\" for=\"wpforms-159-field_4\">Telefone <span class=\"wpforms-required-label\">*<\/span><\/label><input type=\"text\" id=\"wpforms-159-field_4\" class=\"wpforms-field-large wpforms-field-required\" name=\"wpforms[fields][4]\" placeholder=\"Telefone\" required><\/div><div id=\"wpforms-159-field_2-container\" class=\"wpforms-field wpforms-field-textarea\" data-field-id=\"2\"><label class=\"wpforms-field-label wpforms-label-hide\" for=\"wpforms-159-field_2\">Mensagem <span class=\"wpforms-required-label\">*<\/span><\/label><textarea id=\"wpforms-159-field_2\" class=\"wpforms-field-large wpforms-field-required\" name=\"wpforms[fields][2]\" placeholder=\"Mensagem\" required><\/textarea><\/div><\/div><div class=\"wpforms-submit-container\" ><input type=\"hidden\" name=\"wpforms[id]\" value=\"159\"><input type=\"hidden\" name=\"wpforms[author]\" value=\"1\"><button type=\"submit\" name=\"wpforms[submit]\" class=\"wpforms-submit \" id=\"wpforms-submit-159\" value=\"wpforms-submit\" aria-live=\"assertive\" data-alt-text=\"Enviando...\" data-submit-text=\"Enviar\">Enviar<\/button><img decoding=\"async\" src=\"https:\/\/diretiva.tec.br\/positiva\/wp-content\/plugins\/wpforms-lite\/assets\/images\/submit-spin.svg\" class=\"wpforms-submit-spinner\" style=\"display: none;\" width=\"26\" height=\"26\" alt=\"\"><\/div><\/form><\/div>  <!-- .wpforms-container --><\/div>\t\t<\/div>\n\t\t\t\t<\/div>\n\t\t\t\t\t<\/div>\n\t\t<\/div>\n\t\t\t\t\t\t\t<\/div>\n\t\t<\/section>\n\t\t\t\t<section class=\"elementor-section elementor-top-section elementor-element elementor-element-291763d elementor-section-full_width elementor-section-height-default elementor-section-height-default\" data-id=\"291763d\" data-element_type=\"section\">\n\t\t\t\t\t\t<div class=\"elementor-container elementor-column-gap-no\">\n\t\t\t\t\t<div class=\"elementor-column elementor-col-100 elementor-top-column elementor-element elementor-element-5020a00\" data-id=\"5020a00\" data-element_type=\"column\">\n\t\t\t<div class=\"elementor-widget-wrap elementor-element-populated\">\n\t\t\t\t\t\t\t\t<div class=\"elementor-element elementor-element-9b5075c elementor-widget elementor-widget-google_maps\" data-id=\"9b5075c\" data-element_type=\"widget\" data-widget_type=\"google_maps.default\">\n\t\t\t\t<div class=\"elementor-widget-container\">\n\t\t\t\t\t<div class=\"elementor-custom-embed\">\n\t\t\t<iframe frameborder=\"0\" scrolling=\"no\" marginheight=\"0\" marginwidth=\"0\" src=\"https:\/\/maps.google.com\/maps?q=positiva%20rs&amp;t=m&amp;z=15&amp;output=embed&amp;iwloc=near\" title=\"%3$s\" aria-label=\"%3$s\"><\/iframe>\n\t\t<\/div>\n\t\t\t\t<\/div>\n\t\t\t\t<\/div>\n\t\t\t\t\t<\/div>\n\t\t<\/div>\n\t\t\t\t\t\t\t<\/div>\n\t\t<\/section>\n\t\t\t\t\t\t<\/div>\n\t\t\t\t\t<\/div>\n\t\t","protected":false},"excerpt":{"rendered":"<p>Contato Fale conosco (51) 3338.6000 (54) 3021.2885 (51) 99796.7847 Av. Saturnino de Brito, 1196 &#8211; Porto Alegre &#8211; RS atendimento@diretiva.tec.br Solicite um or\u00e7amento Ative o JavaScript no seu navegador para preencher este formul\u00e1rio.Nome *Email *Telefone *Mensagem *Enviar<\/p>\n","protected":false},"author":1,"featured_media":0,"parent":0,"menu_order":0,"comment_status":"closed","ping_status":"closed","template":"","meta":{"footnotes":""},"class_list":["post-78","page","type-page","status-publish","hentry"],"yoast_head":"<!-- This site is optimized with the Yoast SEO plugin v19.5.1 - https:\/\/yoast.com\/wordpress\/plugins\/seo\/ -->\n<title>Contato - Positiva RS<\/title>\n<meta name=\"robots\" content=\"index, follow, max-snippet:-1, max-image-preview:large, max-video-preview:-1\" \/>\n<link rel=\"canonical\" href=\"https:\/\/diretiva.tec.br\/positiva\/contato\/\" \/>\n<meta property=\"og:locale\" content=\"pt_BR\" \/>\n<meta property=\"og:type\" content=\"article\" \/>\n<meta property=\"og:title\" content=\"Contato - Positiva RS\" \/>\n<meta property=\"og:description\" content=\"Contato Fale conosco (51) 3338.6000 (54) 3021.2885 (51) 99796.7847 Av. Saturnino de Brito, 1196 &#8211; Porto Alegre &#8211; RS atendimento@diretiva.tec.br Solicite um or\u00e7amento Ative o JavaScript no seu navegador para preencher este formul\u00e1rio.Nome *Email *Telefone *Mensagem *Enviar\" \/>\n<meta property=\"og:url\" content=\"https:\/\/diretiva.tec.br\/positiva\/contato\/\" \/>\n<meta property=\"og:site_name\" content=\"Positiva RS\" \/>\n<meta property=\"article:publisher\" content=\"https:\/\/www.facebook.com\/PositivaQualidadeAmbiental\" \/>\n<meta property=\"article:modified_time\" content=\"2022-11-10T13:38:39+00:00\" \/>\n<meta property=\"og:image\" content=\"https:\/\/diretiva.tec.br\/positiva\/wp-content\/plugins\/wpforms-lite\/assets\/images\/submit-spin.svg\" \/>\n<meta name=\"twitter:card\" content=\"summary_large_image\" \/>\n<meta name=\"twitter:label1\" content=\"Est. tempo de leitura\" \/>\n\t<meta name=\"twitter:data1\" content=\"1 minuto\" \/>\n<script type=\"application\/ld+json\" class=\"yoast-schema-graph\">{\"@context\":\"https:\/\/schema.org\",\"@graph\":[{\"@type\":\"WebPage\",\"@id\":\"https:\/\/diretiva.tec.br\/positiva\/contato\/\",\"url\":\"https:\/\/diretiva.tec.br\/positiva\/contato\/\",\"name\":\"Contato - Positiva RS\",\"isPartOf\":{\"@id\":\"https:\/\/diretiva.tec.br\/positiva\/#website\"},\"datePublished\":\"2021-07-30T14:08:39+00:00\",\"dateModified\":\"2022-11-10T13:38:39+00:00\",\"breadcrumb\":{\"@id\":\"https:\/\/diretiva.tec.br\/positiva\/contato\/#breadcrumb\"},\"inLanguage\":\"pt-BR\",\"potentialAction\":[{\"@type\":\"ReadAction\",\"target\":[\"https:\/\/diretiva.tec.br\/positiva\/contato\/\"]}]},{\"@type\":\"BreadcrumbList\",\"@id\":\"https:\/\/diretiva.tec.br\/positiva\/contato\/#breadcrumb\",\"itemListElement\":[{\"@type\":\"ListItem\",\"position\":1,\"name\":\"Home\",\"item\":\"https:\/\/diretiva.tec.br\/positiva\/\"},{\"@type\":\"ListItem\",\"position\":2,\"name\":\"Contato\"}]},{\"@type\":\"WebSite\",\"@id\":\"https:\/\/diretiva.tec.br\/positiva\/#website\",\"url\":\"https:\/\/diretiva.tec.br\/positiva\/\",\"name\":\"Positiva RS\",\"description\":\"Controle de Pragas, Higieniza\u00e7\u00e3o de Reservat\u00f3rios\",\"publisher\":{\"@id\":\"https:\/\/diretiva.tec.br\/positiva\/#organization\"},\"potentialAction\":[{\"@type\":\"SearchAction\",\"target\":{\"@type\":\"EntryPoint\",\"urlTemplate\":\"https:\/\/diretiva.tec.br\/positiva\/?s={search_term_string}\"},\"query-input\":\"required name=search_term_string\"}],\"inLanguage\":\"pt-BR\"},{\"@type\":\"Organization\",\"@id\":\"https:\/\/diretiva.tec.br\/positiva\/#organization\",\"name\":\"Positiva RS\",\"url\":\"https:\/\/diretiva.tec.br\/positiva\/\",\"sameAs\":[\"https:\/\/www.instagram.com\/positiva_rs\/\",\"https:\/\/www.facebook.com\/PositivaQualidadeAmbiental\"],\"logo\":{\"@type\":\"ImageObject\",\"inLanguage\":\"pt-BR\",\"@id\":\"https:\/\/diretiva.tec.br\/positiva\/#\/schema\/logo\/image\/\",\"url\":\"http:\/\/diretiva.tec.br\/positiva\/wp-content\/uploads\/2021\/08\/logo-positiva-rs.png\",\"contentUrl\":\"http:\/\/diretiva.tec.br\/positiva\/wp-content\/uploads\/2021\/08\/logo-positiva-rs.png\",\"width\":500,\"height\":410,\"caption\":\"Positiva RS\"},\"image\":{\"@id\":\"https:\/\/diretiva.tec.br\/positiva\/#\/schema\/logo\/image\/\"}}]}<\/script>\n<!-- \/ Yoast SEO plugin. -->","yoast_head_json":{"title":"Contato - Positiva RS","robots":{"index":"index","follow":"follow","max-snippet":"max-snippet:-1","max-image-preview":"max-image-preview:large","max-video-preview":"max-video-preview:-1"},"canonical":"https:\/\/diretiva.tec.br\/positiva\/contato\/","og_locale":"pt_BR","og_type":"article","og_title":"Contato - Positiva RS","og_description":"Contato Fale conosco (51) 3338.6000 (54) 3021.2885 (51) 99796.7847 Av. Saturnino de Brito, 1196 &#8211; Porto Alegre &#8211; RS atendimento@diretiva.tec.br Solicite um or\u00e7amento Ative o JavaScript no seu navegador para preencher este formul\u00e1rio.Nome *Email *Telefone *Mensagem *Enviar","og_url":"https:\/\/diretiva.tec.br\/positiva\/contato\/","og_site_name":"Positiva RS","article_publisher":"https:\/\/www.facebook.com\/PositivaQualidadeAmbiental","article_modified_time":"2022-11-10T13:38:39+00:00","og_image":[{"url":"https:\/\/diretiva.tec.br\/positiva\/wp-content\/plugins\/wpforms-lite\/assets\/images\/submit-spin.svg"}],"twitter_card":"summary_large_image","twitter_misc":{"Est. tempo de leitura":"1 minuto"},"schema":{"@context":"https:\/\/schema.org","@graph":[{"@type":"WebPage","@id":"https:\/\/diretiva.tec.br\/positiva\/contato\/","url":"https:\/\/diretiva.tec.br\/positiva\/contato\/","name":"Contato - Positiva RS","isPartOf":{"@id":"https:\/\/diretiva.tec.br\/positiva\/#website"},"datePublished":"2021-07-30T14:08:39+00:00","dateModified":"2022-11-10T13:38:39+00:00","breadcrumb":{"@id":"https:\/\/diretiva.tec.br\/positiva\/contato\/#breadcrumb"},"inLanguage":"pt-BR","potentialAction":[{"@type":"ReadAction","target":["https:\/\/diretiva.tec.br\/positiva\/contato\/"]}]},{"@type":"BreadcrumbList","@id":"https:\/\/diretiva.tec.br\/positiva\/contato\/#breadcrumb","itemListElement":[{"@type":"ListItem","position":1,"name":"Home","item":"https:\/\/diretiva.tec.br\/positiva\/"},{"@type":"ListItem","position":2,"name":"Contato"}]},{"@type":"WebSite","@id":"https:\/\/diretiva.tec.br\/positiva\/#website","url":"https:\/\/diretiva.tec.br\/positiva\/","name":"Positiva RS","description":"Controle de Pragas, Higieniza\u00e7\u00e3o de Reservat\u00f3rios","publisher":{"@id":"https:\/\/diretiva.tec.br\/positiva\/#organization"},"potentialAction":[{"@type":"SearchAction","target":{"@type":"EntryPoint","urlTemplate":"https:\/\/diretiva.tec.br\/positiva\/?s={search_term_string}"},"query-input":"required name=search_term_string"}],"inLanguage":"pt-BR"},{"@type":"Organization","@id":"https:\/\/diretiva.tec.br\/positiva\/#organization","name":"Positiva RS","url":"https:\/\/diretiva.tec.br\/positiva\/","sameAs":["https:\/\/www.instagram.com\/positiva_rs\/","https:\/\/www.facebook.com\/PositivaQualidadeAmbiental"],"logo":{"@type":"ImageObject","inLanguage":"pt-BR","@id":"https:\/\/diretiva.tec.br\/positiva\/#\/schema\/logo\/image\/","url":"http:\/\/diretiva.tec.br\/positiva\/wp-content\/uploads\/2021\/08\/logo-positiva-rs.png","contentUrl":"http:\/\/diretiva.tec.br\/positiva\/wp-content\/uploads\/2021\/08\/logo-positiva-rs.png","width":500,"height":410,"caption":"Positiva RS"},"image":{"@id":"https:\/\/diretiva.tec.br\/positiva\/#\/schema\/logo\/image\/"}}]}},"_links":{"self":[{"href":"https:\/\/diretiva.tec.br\/positiva\/wp-json\/wp\/v2\/pages\/78","targetHints":{"allow":["GET"]}}],"collection":[{"href":"https:\/\/diretiva.tec.br\/positiva\/wp-json\/wp\/v2\/pages"}],"about":[{"href":"https:\/\/diretiva.tec.br\/positiva\/wp-json\/wp\/v2\/types\/page"}],"author":[{"embeddable":true,"href":"https:\/\/diretiva.tec.br\/positiva\/wp-json\/wp\/v2\/users\/1"}],"replies":[{"embeddable":true,"href":"https:\/\/diretiva.tec.br\/positiva\/wp-json\/wp\/v2\/comments?post=78"}],"version-history":[{"count":0,"href":"https:\/\/diretiva.tec.br\/positiva\/wp-json\/wp\/v2\/pages\/78\/revisions"}],"wp:attachment":[{"href":"https:\/\/diretiva.tec.br\/positiva\/wp-json\/wp\/v2\/media?parent=78"}],"curies":[{"name":"wp","href":"https:\/\/api.w.org\/{rel}","templated":true}]}}